{"id":165,"date":"2016-05-03T15:20:49","date_gmt":"2016-05-03T14:20:49","guid":{"rendered":"http:\/\/hablandodesociedades.es\/?page_id=165"},"modified":"2016-10-24T13:58:20","modified_gmt":"2016-10-24T12:58:20","slug":"saas-legal","status":"publish","type":"page","link":"https:\/\/hablandodesociedades.es\/es_ES\/saas-legal\/","title":{"rendered":"\u00bfPara qu\u00e9 este blog?"},"content":{"rendered":"<div class=\"row text-center\">\n<h4 class=\"quienes-somos\" style=\"text-align: justify;\"><script src=\"http:\/\/www.saaslegal.es\/wp-content\/themes\/saas\/js\/vendor\/modernizr.js\"><\/script><script src=\"\/\/ajax.googleapis.com\/ajax\/libs\/jquery\/1.10.2\/jquery.min.js\"><\/script><script>\/\/ <![CDATA[\n$(function() { $('a[href*=#]:not([href=#])').click(function() { if (location.pathname.replace(\/^\\\/\/,'') == this.pathname.replace(\/^\\\/\/,'') &#038;&#038; location.hostname == this.hostname) { var target = $(this.hash); target = target.length ? target : $('[name=' + this.hash.slice(1) +']'); if (target.length) { $('html,body').animate({ scrollTop: target.offset().top }, 1000); return false; } } }); });\n\/\/ ]]><\/script><\/h4>\n<div class=\"row text-center\"><\/div>\n<p>El blog: \u201cHablando de sociedades\u201d pretende ser un punto de encuentro en relaci\u00f3n con aspectos eminentemente pr\u00e1cticos del funcionamiento de las Sociedades Mercantiles.<\/p>\n<p>\u00bfPor qu\u00e9 un blog con esta finalidad?<\/p>\n<p>Porque las Sociedades Mercantiles, y especialmente las Sociedades Limitadas, son el veh\u00edculo m\u00e1s usado por empresarios, profesionales y comerciantes para el desarrollo de su actividad. En Espa\u00f1a se constituyen m\u00e1s de 6000 al mes y puede haber m\u00e1s de 1 mill\u00f3n de ellas desarrollando su actividad. Sin embargo, pese a ser un instrumento tan frecuente, las reglas de su funcionamiento son ciertamente complejas, bastante formalistas y a menudo, poco conocidas.<\/p>\n<p><strong>Y, \u00bfpara qu\u00e9 este blog?<\/strong><\/p>\n<p>Para compartir noticias, opiniones e ideas sobre aspectos absolutamente pr\u00e1cticos del funcionamiento de las Sociedades Mercantiles.<\/p>\n<p>Todos salimos ganando al compartir experiencias. Pues de eso se trata.<\/p>\n<p>Espero que este blog le guste, y sobre todo, le pueda ser \u00fatil.<\/p>\n<p>Para ello le animo a publicar sus comentarios. Si logramos su popularizaci\u00f3n nos beneficiaremos todos los que, de una manera u otra, estamos en relaci\u00f3n con las Sociedades Mercantiles. Obviamente, el blog es s\u00f3lo esto, un veh\u00edculo informativo, y no pretende ni puede sustituir la tarea de asesoramiento profesional.<\/p>\n<p>El blog tambi\u00e9n est\u00e1 abierto a art\u00edculos de otros autores invitados. Si quiere participar con sus propios art\u00edculos, puede ponerse en contacto conmigo.<\/p>\n<p>Que disfruten de su lectura.<\/p>\n<\/div>\n","protected":false},"excerpt":{"rendered":"<div class=\"row text-center\">\n<h4 class=\"quienes-somos\" style=\"text-align: justify;\"><script src=\"http:\/\/www.saaslegal.es\/wp-content\/themes\/saas\/js\/vendor\/modernizr.js\"><\/script><script src=\"\/\/ajax.googleapis.com\/ajax\/libs\/jquery\/1.10.2\/jquery.min.j...\n<\/p>\n","protected":false},"author":3,"featured_media":0,"parent":0,"menu_order":0,"comment_status":"closed","ping_status":"closed","template":"","meta":{"spay_email":""},"jetpack_sharing_enabled":true,"jetpack_shortlink":"https:\/\/wp.me\/P81yAX-2F","_links":{"self":[{"href":"https:\/\/hablandodesociedades.es\/es_ES\/wp-json\/wp\/v2\/pages\/165"}],"collection":[{"href":"https:\/\/hablandodesociedades.es\/es_ES\/wp-json\/wp\/v2\/pages"}],"about":[{"href":"https:\/\/hablandodesociedades.es\/es_ES\/wp-json\/wp\/v2\/types\/page"}],"author":[{"embeddable":true,"href":"https:\/\/hablandodesociedades.es\/es_ES\/wp-json\/wp\/v2\/users\/3"}],"replies":[{"embeddable":true,"href":"https:\/\/hablandodesociedades.es\/es_ES\/wp-json\/wp\/v2\/comments?post=165"}],"version-history":[{"count":13,"href":"https:\/\/hablandodesociedades.es\/es_ES\/wp-json\/wp\/v2\/pages\/165\/revisions"}],"predecessor-version":[{"id":286,"href":"https:\/\/hablandodesociedades.es\/es_ES\/wp-json\/wp\/v2\/pages\/165\/revisions\/286"}],"wp:attachment":[{"href":"https:\/\/hablandodesociedades.es\/es_ES\/wp-json\/wp\/v2\/media?parent=165"}],"curies":[{"name":"wp","href":"https:\/\/api.w.org\/{rel}","templated":true}]}}