{"id":2,"date":"2015-09-16T04:24:25","date_gmt":"2015-09-16T04:24:25","guid":{"rendered":"http:\/\/wp431m.a10-52-158-154.qa.plesk.ru\/wordpress\/?page_id=2"},"modified":"2016-06-07T17:43:36","modified_gmt":"2016-06-07T16:43:36","slug":"sample-page","status":"publish","type":"page","link":"https:\/\/hablandodesociedades.es\/es_ES\/","title":{"rendered":""},"content":{"rendered":"<p style=\"text-align: left;\"><span style=\"font-size: 14pt; color: #966c42;\"><strong><span style=\"font-family: verdana,geneva,sans-serif;\">Estudios y opiniones sobre las Sociedades de Capital<\/span><\/strong><\/span><\/p>\n<h2 style=\"text-align: left;\"><span style=\"color: #808080;\"><strong><span style=\"font-family: verdana,geneva,sans-serif; font-size: 14pt;\"><span style=\"color: #966c42;\">El cambio de paradigma<\/span><br \/> <\/span><\/strong><\/span><\/h2>\n<p style=\"text-align: right;\">\u00a0\u00a0\u00a0\u00a0\u00a0\u00a0\u00a0\u00a0\u00a0\u00a0\u00a0\u00a0\u00a0\u00a0\u00a0\u00a0\u00a0\u00a0\u00a0\u00a0\u00a0\u00a0\u00a0\u00a0\u00a0\u00a0\u00a0\u00a0\u00a0\u00a0\u00a0\u00a0\u00a0\u00a0\u00a0\u00a0\u00a0\u00a0\u00a0\u00a0\u00a0\u00a0\u00a0\u00a0\u00a0\u00a0\u00a0\u00a0\u00a0\u00a0\u00a0\u00a0\u00a0\u00a0\u00a0\u00a0\u00a0\u00a0\u00a0\u00a0\u00a0\u00a0\u00a0\u00a0\u00a0\u00a0\u00a0\u00a0\u00a0\u00a0\u00a0\u00a0\u00a0\u00a0\u00a0\u00a0\u00a0\u00a0\u00a0\u00a0\u00a0\u00a0\u00a0\u00a0\u00a0\u00a0\u00a0\u00a0\u00a0\u00a0\u00a0\u00a0\u00a0\u00a0\u00a0\u00a0\u00a0\u00a0\u00a0\u00a0\u00a0\u00a0\u00a0\u00a0\u00a0\u00a0\u00a0\u00a0\u00a0\u00a0\u00a0\u00a0\u00a0\u00a0\u00a0\u00a0\u00a0\u00a0\u00a0\u00a0\u00a0\u00a0\u00a0\u00a0\u00a0\u00a0\u00a0\u00a0 <form class=\"mltlngg_switcher\" name=\"mltlngg_change_language\" method=\"post\" action=\"\"><button class=\"mltlngg-lang-button-icons\" name=\"mltlngg_change_display_lang\" value=\"es_ES\" title=\"Espa\u00f1ol\">\n\t\t\t\t\t\t\t<img class=\"mltlngg-current-lang\" src=\"https:\/\/hablandodesociedades.es\/wp-content\/plugins\/multilanguage\/images\/flags\/es_ES.png\" alt=\"Espa\u00f1ol\">\n\t\t\t\t\t\t<\/button><button class=\"mltlngg-lang-button-icons\" name=\"mltlngg_change_display_lang\" value=\"en_GB\" title=\"English\">\n\t\t\t\t\t\t\t<img class=\"mltlngg-lang\" src=\"https:\/\/hablandodesociedades.es\/wp-content\/plugins\/multilanguage\/images\/flags\/en_GB.png\" alt=\"English\">\n\t\t\t\t\t\t<\/button><\/form><\/p>\n<p style=\"text-align: justify;\"><span style=\"font-family: verdana,geneva,sans-serif; color: #000000;\">En los \u00faltimos a\u00f1os las sociedades de capital han atravesado cambios normativos de importancia, derivados en su mayor parte de\u00a0la aplicaci\u00f3n masiva de las nuevas tecnolog\u00edas, la generalizaci\u00f3n de nuevas formas de comunicaci\u00f3n interpersonal, una nueva legislaci\u00f3n europea, etc.<\/span><\/p>\n<p style=\"text-align: justify;\"><span style=\"font-size: 12pt; font-family: verdana,geneva,sans-serif; color: #000000;\">Simult\u00e1neamente, la proliferaci\u00f3n del emprendimiento juvenil, como alternativa de salida a la recesi\u00f3n econ\u00f3mica y la &#8220;virtualizaci\u00f3n&#8221; de la informaci\u00f3n provocada por\u00a0la separaci\u00f3n de los documentos de su soporte en papel han contribuido a generar nuevas pr\u00e1cticas que, a pesar de su rabiosa actualidad, est\u00e1n en fase de asimilaci\u00f3n por las sociedades de capital, habituadas a normas muy establecidas.<\/span><\/p>\n<p style=\"text-align: justify;\"><span style=\"font-size: 12pt; font-family: verdana,geneva,sans-serif; color: #000000;\"><a href=\"http:\/\/hablandodesociedades.es\/wp-content\/uploads\/2016\/06\/IMG_5743.jpg\"><img loading=\"lazy\" class=\"size-medium wp-image-241 alignright\" src=\"http:\/\/hablandodesociedades.es\/wp-content\/uploads\/2016\/06\/IMG_5743-300x200.jpg\" alt=\"IMG_5743\" width=\"300\" height=\"200\" srcset=\"https:\/\/hablandodesociedades.es\/wp-content\/uploads\/2016\/06\/IMG_5743-300x200.jpg 300w, https:\/\/hablandodesociedades.es\/wp-content\/uploads\/2016\/06\/IMG_5743-768x512.jpg 768w, https:\/\/hablandodesociedades.es\/wp-content\/uploads\/2016\/06\/IMG_5743-1024x683.jpg 1024w\" sizes=\"(max-width: 300px) 100vw, 300px\" \/><\/a>Todo ello genera un mar de incertidumbres a sus<\/span><span style=\"font-size: 12pt; font-family: verdana,geneva,sans-serif; color: #000000;\"> \u00f3rganos de administraci\u00f3n, que podr\u00e1n encontrar en estas p\u00e1ginas alguna ayuda para orientarse en el buen gobierno corporativo.<\/span><\/p>\n<p style=\"text-align: justify;\"><span style=\"color: #ffffff;\">&#8212;&#8211;<\/span><\/p>\n","protected":false},"excerpt":{"rendered":"<p style=\"text-align: left;\"><span style=\"font-size: 14pt; color: #966c42;\"><strong><span style=\"font-family: verdana,geneva,sans-serif;\">Estudios y opiniones sobre las Sociedades de Capital<\/span><\/strong><\/span><\/p>\n<h2 style=\"text-align: left;\"><sp...\n<\/p>\n","protected":false},"author":1,"featured_media":0,"parent":0,"menu_order":0,"comment_status":"closed","ping_status":"open","template":"","meta":{"spay_email":""},"jetpack_sharing_enabled":true,"jetpack_shortlink":"https:\/\/wp.me\/P81yAX-2","_links":{"self":[{"href":"https:\/\/hablandodesociedades.es\/es_ES\/wp-json\/wp\/v2\/pages\/2"}],"collection":[{"href":"https:\/\/hablandodesociedades.es\/es_ES\/wp-json\/wp\/v2\/pages"}],"about":[{"href":"https:\/\/hablandodesociedades.es\/es_ES\/wp-json\/wp\/v2\/types\/page"}],"author":[{"embeddable":true,"href":"https:\/\/hablandodesociedades.es\/es_ES\/wp-json\/wp\/v2\/users\/1"}],"replies":[{"embeddable":true,"href":"https:\/\/hablandodesociedades.es\/es_ES\/wp-json\/wp\/v2\/comments?post=2"}],"version-history":[{"count":77,"href":"https:\/\/hablandodesociedades.es\/es_ES\/wp-json\/wp\/v2\/pages\/2\/revisions"}],"predecessor-version":[{"id":281,"href":"https:\/\/hablandodesociedades.es\/es_ES\/wp-json\/wp\/v2\/pages\/2\/revisions\/281"}],"wp:attachment":[{"href":"https:\/\/hablandodesociedades.es\/es_ES\/wp-json\/wp\/v2\/media?parent=2"}],"curies":[{"name":"wp","href":"https:\/\/api.w.org\/{rel}","templated":true}]}}