{"id":78,"date":"2016-03-18T09:41:45","date_gmt":"2016-03-18T08:41:45","guid":{"rendered":"http:\/\/hablandodesociedades.es\/?page_id=78"},"modified":"2022-06-21T18:02:03","modified_gmt":"2022-06-21T17:02:03","slug":"presentacion-luis-jorquera","status":"publish","type":"page","link":"https:\/\/hablandodesociedades.es\/es_ES\/presentacion-luis-jorquera\/","title":{"rendered":"D. Luis Jorquera Garc\u00eda"},"content":{"rendered":"<p style=\"text-align: justify;\"><span style=\"font-family: verdana,geneva,sans-serif; font-size: 12pt;\">Naci\u00f3 en Cartagena (Murcia). <\/span><\/p>\n<p style=\"text-align: justify;\"><span style=\"font-family: verdana,geneva,sans-serif; font-size: 12pt;\">Obtuvo la Licenciatura en Derecho e hizo los cursillos de doctorado en la Universidad Complutense de Madrid. <\/span><\/p>\n<p style=\"text-align: justify;\"><span style=\"font-family: verdana,geneva,sans-serif; font-size: 12pt;\">Sac\u00f3 las oposiciones al Cuerpo Superior de Administradores Civiles del Estado con el n\u00famero uno de su promoci\u00f3n y trabaj\u00f3 varios a\u00f1os como funcionario en el Ministerio de Comercio. <\/span><\/p>\n<p style=\"text-align: justify;\"><span style=\"font-family: verdana,geneva,sans-serif; font-size: 12pt;\">Posteriormente ingres\u00f3, tambi\u00e9n por oposici\u00f3n, en el cuerpo de Corredores Colegiados de Comercio. <\/span><\/p>\n<p style=\"text-align: justify;\"><span style=\"font-family: verdana,geneva,sans-serif; font-size: 12pt;\">Siendo Corredor de Comercio en la ciudad de Toledo obtuvo la excedencia y fue nombrado consejero delegado del grupo Wolters Kluwer Espa\u00f1a (que comprende las editoriales jur\u00eddicas y fiscales La Ley, CISS, Especial Directivos, etc.). <\/span><\/p>\n<p style=\"text-align: justify;\"><span style=\"font-family: verdana,geneva,sans-serif; font-size: 12pt;\">Ces\u00f3 en ese puesto para incorporarse como notario en la ciudad de Madrid en mayo del a\u00f1o 2001, fecha desde la cual ejerci\u00f3 ininterrumpidamente su profesi\u00f3n de notario en esta ciudad hasta su jubilaci\u00f3n en 2018.<\/span><\/p>\n","protected":false},"excerpt":{"rendered":"<p style=\"text-align: justify;\"><span style=\"font-family: verdana,geneva,sans-serif; font-size: 12pt;\">Naci\u00f3 en Cartagena (Murcia). <\/span><\/p>\n<p style=\"text-align: justify;\"><span style=\"font-family: verdana,geneva,sans-serif; font-size: 12pt;\">Obt&#8230;<\/p>\n","protected":false},"author":3,"featured_media":240,"parent":0,"menu_order":0,"comment_status":"closed","ping_status":"closed","template":"","meta":{"spay_email":""},"jetpack_sharing_enabled":true,"jetpack_shortlink":"https:\/\/wp.me\/P81yAX-1g","_links":{"self":[{"href":"https:\/\/hablandodesociedades.es\/es_ES\/wp-json\/wp\/v2\/pages\/78"}],"collection":[{"href":"https:\/\/hablandodesociedades.es\/es_ES\/wp-json\/wp\/v2\/pages"}],"about":[{"href":"https:\/\/hablandodesociedades.es\/es_ES\/wp-json\/wp\/v2\/types\/page"}],"author":[{"embeddable":true,"href":"https:\/\/hablandodesociedades.es\/es_ES\/wp-json\/wp\/v2\/users\/3"}],"replies":[{"embeddable":true,"href":"https:\/\/hablandodesociedades.es\/es_ES\/wp-json\/wp\/v2\/comments?post=78"}],"version-history":[{"count":13,"href":"https:\/\/hablandodesociedades.es\/es_ES\/wp-json\/wp\/v2\/pages\/78\/revisions"}],"predecessor-version":[{"id":381,"href":"https:\/\/hablandodesociedades.es\/es_ES\/wp-json\/wp\/v2\/pages\/78\/revisions\/381"}],"wp:featuredmedia":[{"embeddable":true,"href":"https:\/\/hablandodesociedades.es\/es_ES\/wp-json\/wp\/v2\/media\/240"}],"wp:attachment":[{"href":"https:\/\/hablandodesociedades.es\/es_ES\/wp-json\/wp\/v2\/media?parent=78"}],"curies":[{"name":"wp","href":"https:\/\/api.w.org\/{rel}","templated":true}]}}