{"id":87,"date":"2016-03-18T10:03:32","date_gmt":"2016-03-18T09:03:32","guid":{"rendered":"http:\/\/hablandodesociedades.es\/?page_id=87"},"modified":"2016-06-07T16:55:43","modified_gmt":"2016-06-07T15:55:43","slug":"indice-de-articulos","status":"publish","type":"page","link":"https:\/\/hablandodesociedades.es\/es_ES\/indice-de-articulos\/","title":{"rendered":"Indice de art\u00edculos"},"content":{"rendered":"<p><span style=\"font-family: verdana,geneva,sans-serif; font-size: 12pt;\">Aqu\u00ed puedes encontrar una lista por \u00f3rden alfab\u00e9tico de todos los art\u00edculos publicados en este blog:<\/span><\/p>\n<div class=\"pt-cv-wrapper\"><div class=\"pt-cv-view pt-cv-collapsible\" id=\"pt-cv-view-6a84fb35a5\"><div data-id=\"pt-cv-page-1\" class=\"pt-cv-page\" data-cvc=\"1\"><div class=\"panel-group\" id=\"d373025dog\"><div class=\"panel panel-default pt-cv-content-item pt-cv-1-col\" >\r\n<div class=\"panel-heading\">\r\n    <a class=\"panel-title\" data-toggle=\"cvcollapse\" data-parent=\"#d373025dog\" data-target=\"#d8dff774js\" href='https:\/\/hablandodesociedades.es\/es_ES\/actas-libro-de-actas-y-certificados-de-las-juntas-de-socios-es-necesario-escribirlos-en-papel\/' onclick='event.preventDefault()'>\r\n\t\tActas, Libro de Actas y Certificados de las Juntas de Socios: \u00bfEs necesario escribirlos en papel?\t<\/a>\r\n\t<\/div>\r\n<div id=\"d8dff774js\" class=\"panel-collapse collapse \">\r\n\t<div class=\"panel-body\">\r\n\t\t<div class=\"pt-cv-content\">Cuando hay una Junta de Socios, l\u00f3gicamente se levanta un acta relatando lo ocurrido y especialmente los acuerdos adoptados. Ese ...<br \/><a href=\"https:\/\/hablandodesociedades.es\/es_ES\/actas-libro-de-actas-y-certificados-de-las-juntas-de-socios-es-necesario-escribirlos-en-papel\/\" class=\"_blank pt-cv-readmore btn btn-success\" target=\"_blank\">Leer M\u00e1s<\/a><\/div>\t<\/div>\r\n<\/div><\/div>\n<div class=\"panel panel-default pt-cv-content-item pt-cv-1-col\" >\r\n<div class=\"panel-heading\">\r\n    <a class=\"panel-title\" data-toggle=\"cvcollapse\" data-parent=\"#d373025dog\" data-target=\"#fa8412asam\" href='https:\/\/hablandodesociedades.es\/es_ES\/administradores-mancomunados-quien-convoca-la-junta-en-una-s-l\/' onclick='event.preventDefault()'>\r\n\t\tAdministradores Mancomunados: \u00bfQui\u00e9n convoca la Junta en una S.L?\t<\/a>\r\n\t<\/div>\r\n<div id=\"fa8412asam\" class=\"panel-collapse collapse \">\r\n\t<div class=\"panel-body\">\r\n\t\t<div class=\"pt-cv-content\">Una de las formas que puede tener el \u00f3rgano de administraci\u00f3n en una sociedad limitada o en una sociedad an\u00f3nima ...<br \/><a href=\"https:\/\/hablandodesociedades.es\/es_ES\/administradores-mancomunados-quien-convoca-la-junta-en-una-s-l\/\" class=\"_blank pt-cv-readmore btn btn-success\" target=\"_blank\">Leer M\u00e1s<\/a><\/div>\t<\/div>\r\n<\/div><\/div>\n<div class=\"panel panel-default pt-cv-content-item pt-cv-1-col\" >\r\n<div class=\"panel-heading\">\r\n    <a class=\"panel-title\" data-toggle=\"cvcollapse\" data-parent=\"#d373025dog\" data-target=\"#cd3eff75nk\" href='https:\/\/hablandodesociedades.es\/es_ES\/anuncios-legales-en-la-web-corporativa-no-vale-cualquier-web-de-la-sociedad\/' onclick='event.preventDefault()'>\r\n\t\tAnuncios legales en la Web Corporativa: No vale cualquier web de la sociedad\t<\/a>\r\n\t<\/div>\r\n<div id=\"cd3eff75nk\" class=\"panel-collapse collapse \">\r\n\t<div class=\"panel-body\">\r\n\t\t<div class=\"pt-cv-content\">CONVOCAR LA JUNTA DE SOCIOS A TRAV\u00c9S DE UNA P\u00c1GINA WEB DE LA SOCIEDAD: PUEDE HACERSE PERO S\u00d3LO SI ESA ...<br \/><a href=\"https:\/\/hablandodesociedades.es\/es_ES\/anuncios-legales-en-la-web-corporativa-no-vale-cualquier-web-de-la-sociedad\/\" class=\"_blank pt-cv-readmore btn btn-success\" target=\"_blank\">Leer M\u00e1s<\/a><\/div>\t<\/div>\r\n<\/div><\/div>\n<div class=\"panel panel-default pt-cv-content-item pt-cv-1-col\" >\r\n<div class=\"panel-heading\">\r\n    <a class=\"panel-title\" data-toggle=\"cvcollapse\" data-parent=\"#d373025dog\" data-target=\"#03648b3dv7\" href='https:\/\/hablandodesociedades.es\/es_ES\/como-crear-una-web-corporativa-de-una-sociedad-mercantil\/' onclick='event.preventDefault()'>\r\n\t\tC\u00f3mo crear una web corporativa de una sociedad mercantil\t<\/a>\r\n\t<\/div>\r\n<div id=\"03648b3dv7\" class=\"panel-collapse collapse \">\r\n\t<div class=\"panel-body\">\r\n\t\t<div class=\"pt-cv-content\">1.-La web corporativa. Qu\u00e9 es y para qu\u00e9 sirve. La web corporativa es una p\u00e1gina web que una sociedad mercantil ...<br \/><a href=\"https:\/\/hablandodesociedades.es\/es_ES\/como-crear-una-web-corporativa-de-una-sociedad-mercantil\/\" class=\"_blank pt-cv-readmore btn btn-success\" target=\"_blank\">Leer M\u00e1s<\/a><\/div>\t<\/div>\r\n<\/div><\/div>\n<div class=\"panel panel-default pt-cv-content-item pt-cv-1-col\" >\r\n<div class=\"panel-heading\">\r\n    <a class=\"panel-title\" data-toggle=\"cvcollapse\" data-parent=\"#d373025dog\" data-target=\"#c983db192p\" href='https:\/\/hablandodesociedades.es\/es_ES\/la-utilizacion-de-medios-digitales-y-especialmente-de-la-web-corporativa-para-la-gestion-de-las-relaciones-societarias\/' onclick='event.preventDefault()'>\r\n\t\tLa utilizaci\u00f3n de medios digitales, y especialmente de la Web Corporativa, para la gesti\u00f3n de las relaciones societarias: \t<\/a>\r\n\t<\/div>\r\n<div id=\"c983db192p\" class=\"panel-collapse collapse \">\r\n\t<div class=\"panel-body\">\r\n\t\t<div class=\"pt-cv-content\">Ponencia de Luis Jorquera en la Secci\u00f3n de Derecho Societario y Gobierno Corporativo del Ilustre Colegio de Abogados de Madrid, ...<br \/><a href=\"https:\/\/hablandodesociedades.es\/es_ES\/la-utilizacion-de-medios-digitales-y-especialmente-de-la-web-corporativa-para-la-gestion-de-las-relaciones-societarias\/\" class=\"_blank pt-cv-readmore btn btn-success\" target=\"_blank\">Leer M\u00e1s<\/a><\/div>\t<\/div>\r\n<\/div><\/div>\n<div class=\"panel panel-default pt-cv-content-item pt-cv-1-col\" >\r\n<div class=\"panel-heading\">\r\n    <a class=\"panel-title\" data-toggle=\"cvcollapse\" data-parent=\"#d373025dog\" data-target=\"#5ab16044ed\" href='https:\/\/hablandodesociedades.es\/es_ES\/nota-sobre-el-traslado-de-una-pagina-web-y-los-anuncios-publicados-en-la-pagina-anterior\/' onclick='event.preventDefault()'>\r\n\t\tNota sobre el traslado de una p\u00e1gina web y los anuncios publicados en la p\u00e1gina anterior.\t<\/a>\r\n\t<\/div>\r\n<div id=\"5ab16044ed\" class=\"panel-collapse collapse \">\r\n\t<div class=\"panel-body\">\r\n\t\t<div class=\"pt-cv-content\">Recientemente he recibido una consulta acerca del traslado de la Web Corporativa de una sociedad que tiene designada su Web ...<br \/><a href=\"https:\/\/hablandodesociedades.es\/es_ES\/nota-sobre-el-traslado-de-una-pagina-web-y-los-anuncios-publicados-en-la-pagina-anterior\/\" class=\"_blank pt-cv-readmore btn btn-success\" target=\"_blank\">Leer M\u00e1s<\/a><\/div>\t<\/div>\r\n<\/div><\/div>\n<div class=\"panel panel-default pt-cv-content-item pt-cv-1-col\" >\r\n<div class=\"panel-heading\">\r\n    <a class=\"panel-title\" data-toggle=\"cvcollapse\" data-parent=\"#d373025dog\" data-target=\"#e187442n6j\" href='https:\/\/hablandodesociedades.es\/es_ES\/novedades-para-el-cambio-de-domicilio-social-de-las-empresas\/' onclick='event.preventDefault()'>\r\n\t\tNovedades para el cambio de domicilio social de las empresas\t<\/a>\r\n\t<\/div>\r\n<div id=\"e187442n6j\" class=\"panel-collapse collapse \">\r\n\t<div class=\"panel-body\">\r\n\t\t<div class=\"pt-cv-content\">Ante los acontecimientos que se han sucedido durante las \u00faltimas semanas en nuestro pa\u00eds, cabe destacar el traslado masivo del ...<br \/><a href=\"https:\/\/hablandodesociedades.es\/es_ES\/novedades-para-el-cambio-de-domicilio-social-de-las-empresas\/\" class=\"_blank pt-cv-readmore btn btn-success\" target=\"_blank\">Leer M\u00e1s<\/a><\/div>\t<\/div>\r\n<\/div><\/div><\/div><\/div><\/div><\/div>\n<p><span style=\"font-family: verdana,geneva,sans-serif;\"><strong><code>\u00a0<\/code><\/strong><\/span><\/p>\n","protected":false},"excerpt":{"rendered":"<p><span style=\"font-family: verdana,geneva,sans-serif; font-size: 12pt;\">Aqu\u00ed puedes encontrar una lista por \u00f3rden alfab\u00e9tico de todos los art\u00edculos publicados en este blog:<\/span><\/p>\n[pt_view id=\"6a84fb35a5\"]\n<p><span style=\"font-family: verdana,genev...\n<\/p>\n","protected":false},"author":3,"featured_media":0,"parent":0,"menu_order":0,"comment_status":"closed","ping_status":"closed","template":"","meta":{"spay_email":""},"jetpack_sharing_enabled":true,"jetpack_shortlink":"https:\/\/wp.me\/P81yAX-1p","_links":{"self":[{"href":"https:\/\/hablandodesociedades.es\/es_ES\/wp-json\/wp\/v2\/pages\/87"}],"collection":[{"href":"https:\/\/hablandodesociedades.es\/es_ES\/wp-json\/wp\/v2\/pages"}],"about":[{"href":"https:\/\/hablandodesociedades.es\/es_ES\/wp-json\/wp\/v2\/types\/page"}],"author":[{"embeddable":true,"href":"https:\/\/hablandodesociedades.es\/es_ES\/wp-json\/wp\/v2\/users\/3"}],"replies":[{"embeddable":true,"href":"https:\/\/hablandodesociedades.es\/es_ES\/wp-json\/wp\/v2\/comments?post=87"}],"version-history":[{"count":11,"href":"https:\/\/hablandodesociedades.es\/es_ES\/wp-json\/wp\/v2\/pages\/87\/revisions"}],"predecessor-version":[{"id":263,"href":"https:\/\/hablandodesociedades.es\/es_ES\/wp-json\/wp\/v2\/pages\/87\/revisions\/263"}],"wp:attachment":[{"href":"https:\/\/hablandodesociedades.es\/es_ES\/wp-json\/wp\/v2\/media?parent=87"}],"curies":[{"name":"wp","href":"https:\/\/api.w.org\/{rel}","templated":true}]}}